{"id":2,"date":"2023-05-10T08:48:21","date_gmt":"2023-05-10T06:48:21","guid":{"rendered":"http:\/\/wp452m.a10-52-158-154.qa.plesk.ru\/wordpress\/?page_id=2"},"modified":"2023-05-16T21:04:57","modified_gmt":"2023-05-16T19:04:57","slug":"sample-page","status":"publish","type":"page","link":"https:\/\/bizi-quilting.de\/?page_id=2","title":{"rendered":"Quiltservice"},"content":{"rendered":"<p>Mit einer<strong> <a href=\"http:\/\/quilt.zi-tronik.de\/?page_id=86\">Longarm-Maschine<\/a><\/strong> k\u00f6nnen auch gro\u00dfe Quilts&nbsp; in kurzer Zeit fertiggestellt werden.<br \/>\nFarben und Muster k\u00f6nnen durch das Quiltmuster&nbsp; betont oder hervorgehoben werden.<br \/>\nDie <strong><a href=\"http:\/\/quilt.zi-tronik.de\/?page_id=88\" target=\"_blank\" rel=\"noopener\">M\u00f6glichkeiten<\/a> <\/strong>sind unbegrenzt.<br \/>\nDie <strong><a href=\"http:\/\/quilt.zi-tronik.de\/?page_id=90\" target=\"_blank\" rel=\"noopener\">Kosten<\/a><\/strong> richten sich nach Gr\u00f6\u00dfe des Tops und dem Quiltmuster.<\/p>\n<p><strong>Vorbereitungen<\/strong><\/p>\n<p>Top und R\u00fcckseite ohne Webkanten und gut geb\u00fcgelt, N\u00e4hte am Rand geschlossen, ggf. mit Geradstich knappkantig abgesteppt<\/p>\n<p>lose F\u00e4den abschneiden, am besten auch auf der R\u00fcckseite, da dunkle F\u00e4den bei hellen Stoffen im Top durscheinen k\u00f6nnen<\/p>\n<p>Top, Vlies und R\u00fcckseite rechtwinklig, nicht heften oder kleben<\/p>\n<p>Vlies und R\u00fcckseite ringsherum 10 cm gr\u00f6\u00dfer als das Top<\/p>\n<p>dehnbare R\u00fcckseitenstoffe nur nach vorheriger R\u00fccksprache<\/p>\n<p><strong>Preisliste<\/strong><\/p>\n<p>Aufspannen des Quilts bis 2m Breite&nbsp; &nbsp; &nbsp; &nbsp; &nbsp; &nbsp; &nbsp; &nbsp; &nbsp; &nbsp; &nbsp; &nbsp; &nbsp;15 \u20ac<br \/>\nAufspannen des Quilts ab 2m Breite&nbsp; &nbsp; &nbsp; &nbsp; &nbsp; &nbsp; &nbsp; &nbsp; &nbsp; &nbsp; &nbsp; &nbsp; &nbsp; 20 \u20ac<br \/>\nAll-over-Quilting, einfach&nbsp; &nbsp; &nbsp; &nbsp; &nbsp; &nbsp; &nbsp; &nbsp; &nbsp; &nbsp; &nbsp; &nbsp; &nbsp; &nbsp; &nbsp; &nbsp; &nbsp; &nbsp; &nbsp; &nbsp; &nbsp; &nbsp; &nbsp;ab 40 \u20ac \/ m2<br \/>\nCustom-Quilting&nbsp; &nbsp; &nbsp; &nbsp; &nbsp; &nbsp; &nbsp; &nbsp; &nbsp; &nbsp; &nbsp; &nbsp; &nbsp; &nbsp; &nbsp; &nbsp; &nbsp; &nbsp; &nbsp; &nbsp; &nbsp; &nbsp; &nbsp; &nbsp; &nbsp; &nbsp; &nbsp; &nbsp; &nbsp; &nbsp; &nbsp;ab 50 \u20ac \/ m2<br \/>\nRulerwork&nbsp; &nbsp; &nbsp; &nbsp; &nbsp; &nbsp; &nbsp; &nbsp; &nbsp; &nbsp; &nbsp; &nbsp; &nbsp; &nbsp; &nbsp; &nbsp; &nbsp; &nbsp; &nbsp; &nbsp; &nbsp; &nbsp; &nbsp; &nbsp; &nbsp; &nbsp; &nbsp; &nbsp; &nbsp; &nbsp; &nbsp; &nbsp; &nbsp; &nbsp; &nbsp; &nbsp; &nbsp;ab 60 \u20ac \/ m2<br \/>\nnur Heften (f\u00fcr Handquilter)&nbsp; &nbsp; &nbsp; &nbsp; &nbsp; &nbsp; &nbsp; &nbsp; &nbsp; &nbsp; &nbsp; &nbsp; &nbsp; &nbsp; &nbsp; &nbsp; &nbsp; &nbsp; &nbsp; &nbsp;12-15 \u20ac<br \/>\nQuiltgarn nach Verbrauch&nbsp; &nbsp; &nbsp; &nbsp; &nbsp; &nbsp; &nbsp; &nbsp; &nbsp; &nbsp; &nbsp; &nbsp; &nbsp; &nbsp; &nbsp; &nbsp; &nbsp; &nbsp; &nbsp; &nbsp; &nbsp; &nbsp; &nbsp;ab 10 \u20ac<br \/>\nBinding ann\u00e4hen (mit Maschine Vorderseite)&nbsp; &nbsp; &nbsp; &nbsp; &nbsp; 4 \u20ac \/ m<br \/>\nBinding ann\u00e4hen komplett ( R\u00fcckseite von Hand)&nbsp; 12 \u20ac \/ m<br \/>\nGgf. erforderliche zus\u00e4tzliche Arbeiten wie<br \/>\nb\u00fcgeln,begradigen, F\u00e4den abschneiden\u2026&#8230;&nbsp; &nbsp; &nbsp; &nbsp; &nbsp; &nbsp; &nbsp; &nbsp;20 \u20ac \/Stunde<\/p>\n<p>Wenn Sie mir ein Foto und n\u00e4here Angaben zu Ihrem Top senden, mache ich Ihnen gerne Vorschl\u00e4ge f\u00fcr das Quilten.&nbsp;<\/p>\n<p>Bei Auftragserteilung wird eine Anzahlung in H\u00f6he von 50% der voraussichtlichen Kosten f\u00e4llig.<\/p>\n","protected":false},"excerpt":{"rendered":"<p>Mit einer Longarm-Maschine k\u00f6nnen auch gro\u00dfe Quilts&nbsp; in kurzer Zeit fertiggestellt werden. Farben und Muster k\u00f6nnen durch das Quiltmuster&nbsp; betont oder hervorgehoben werden. Die M\u00f6glichkeiten sind unbegrenzt. Die Kosten richten sich nach Gr\u00f6\u00dfe des Tops und dem Quiltmuster. Vorbereitungen Top<\/p>\n","protected":false},"author":1,"featured_media":159,"parent":0,"menu_order":0,"comment_status":"closed","ping_status":"open","template":"","meta":{"ngg_post_thumbnail":0,"footnotes":""},"class_list":["post-2","page","type-page","status-publish","has-post-thumbnail","hentry"],"jetpack_sharing_enabled":true,"_links":{"self":[{"href":"https:\/\/bizi-quilting.de\/index.php?rest_route=\/wp\/v2\/pages\/2","targetHints":{"allow":["GET"]}}],"collection":[{"href":"https:\/\/bizi-quilting.de\/index.php?rest_route=\/wp\/v2\/pages"}],"about":[{"href":"https:\/\/bizi-quilting.de\/index.php?rest_route=\/wp\/v2\/types\/page"}],"author":[{"embeddable":true,"href":"https:\/\/bizi-quilting.de\/index.php?rest_route=\/wp\/v2\/users\/1"}],"replies":[{"embeddable":true,"href":"https:\/\/bizi-quilting.de\/index.php?rest_route=%2Fwp%2Fv2%2Fcomments&post=2"}],"version-history":[{"count":21,"href":"https:\/\/bizi-quilting.de\/index.php?rest_route=\/wp\/v2\/pages\/2\/revisions"}],"predecessor-version":[{"id":941,"href":"https:\/\/bizi-quilting.de\/index.php?rest_route=\/wp\/v2\/pages\/2\/revisions\/941"}],"wp:featuredmedia":[{"embeddable":true,"href":"https:\/\/bizi-quilting.de\/index.php?rest_route=\/wp\/v2\/media\/159"}],"wp:attachment":[{"href":"https:\/\/bizi-quilting.de\/index.php?rest_route=%2Fwp%2Fv2%2Fmedia&parent=2"}],"curies":[{"name":"wp","href":"https:\/\/api.w.org\/{rel}","templated":true}]}}