{"id":4,"date":"2024-02-09T13:03:19","date_gmt":"2024-02-09T12:03:19","guid":{"rendered":"http:\/\/quilt.zi-tronik.de\/?page_id=4"},"modified":"2024-02-10T15:20:56","modified_gmt":"2024-02-10T14:20:56","slug":"ueber-mich","status":"publish","type":"page","link":"https:\/\/bizi-quilting.de\/?page_id=4","title":{"rendered":"\u00dcber mich"},"content":{"rendered":"<p>Vor mehr als 30 Jahren habe ich meinen ersten kleinen Wandbehang gen\u00e4ht, seitdem l\u00e4sst mich der Patchwork\/Quiltvirus nicht mehr los.<\/p>\n<p>Einige Techniken habe ich in verschiedenen Kursen gelernt, vieles aber auch autodidaktisch an Hand von Zeitschriften, B\u00fcchern und Videos.&nbsp;<\/p>\n<p>2013 hatte ich auf der Nadelwelt in Karlsruhe das Quilten mit einer Longarmquiltmaschine ausprobiert und nach kurzem \u00dcberlegen wurde die Babylock Q-Drive bestellt, die bis vor kurzem als Handiquilter Avante im Handel war. Seit Sommer 2022 steht bei uns unterm Dach eine Amara von Handiquilter mit dem gro\u00dfen Studio-Rahmen.<\/p>\n<p>Nach einem Einf\u00fchrungskurs und ganz viel \u00dcben habe ich mehrere Kurse bei bekannten Quilterinnen besucht, u.a. war ich 4 mal bei Claudia Pfeil in Krefeld, in Karlsruhe (Nadelwelt) konnte ich von Kimmy Brunner und Amy van Gurp lernen. 2017 habe ich mehrere Kurse beim Handiquilter-Congress in Boppard besucht. In Ste. Marie-aux-mines nahm ich 2017 an einem Kurs von Angela Walters teil und 2019 habe ich zwei Kurse bei Birgit Sch\u00fcller gebucht.<\/p>\n<p>Sehr gut gefallen haben mir ein Collagequilt-Kurs von Carol Morrissey bei den Patchworktagen 2022 in Meiningen sowie ein Mixed-Media Kurs von Kasia Hanack bei der Nadelwelt 2023.<\/p>\n<p>Im Sommer 2022 habe ich beim beim Quiltfest in Suderburg am Portrait-Kurs von Claudia Nimmrichter teilgenommen.<\/p>\n<p>Zuletzt habe ich bei Birgit Sch\u00fcller einen Online-Kurs mit dem Thema Dreiecksverschnitt belegt.<\/p>\n<p>Regelm\u00e4\u00dfig stelle ich meine Patchworkarbeiten und handgemaltes Porzellan auf Kunsthandwerkerm\u00e4rkten vor allem in der Region aus, z.B. in Edenkoben, Annweiler, Bornheim, Hochstadt, sowie in der Schlossscheune in Fu\u00dfg\u00f6nheim, in Frankenthal, Maikammer und Bad D\u00fcrkheim.<\/p>\n<p>Seit etwa 10 Jahren treffe ich mich regelm\u00e4\u00dfig mit Gleichgesinnten zum Patchworken und Quilten in Edenkoben. Seitdem war ich auch an 2 Ausstellungen im Museum in Edenkoben beteiligt.<\/p>\n<p>Mit einigen Quilts habe ich an Wettbewerben teilgenommen (Bernina- Langarmwettbewerb, Challenge &#8222;Himmlisch&#8220; in Gr\u00fcnstadt, Internationale Challenge beim Quiltfest in Suderburg).<\/p>\n<p>Bei den Patchworktagen 2023 in Dinkelsb\u00fchl d\u00fcrfte ich einige meiner EPP-Quilts zeigen und bin auch in diesem Jahr wieder dabei mit einigen Mixed-Media Arbeiten.<\/p>\n<p>Au\u00dferdem wird voraussichtlich auch mein Sweater Weather Quilt zusammen mit vielen anderen in Moers zu sehen sein.<\/p>\n","protected":false},"excerpt":{"rendered":"<p>Vor mehr als 30 Jahren habe ich meinen ersten kleinen Wandbehang gen\u00e4ht, seitdem l\u00e4sst mich der Patchwork\/Quiltvirus nicht mehr los. Einige Techniken habe ich in verschiedenen Kursen gelernt, vieles aber auch autodidaktisch an Hand von Zeitschriften, B\u00fcchern und Videos.&nbsp; 2013<\/p>\n","protected":false},"author":1,"featured_media":0,"parent":0,"menu_order":0,"comment_status":"closed","ping_status":"closed","template":"","meta":{"ngg_post_thumbnail":0,"footnotes":""},"class_list":["post-4","page","type-page","status-publish","hentry"],"jetpack_sharing_enabled":true,"_links":{"self":[{"href":"https:\/\/bizi-quilting.de\/index.php?rest_route=\/wp\/v2\/pages\/4","targetHints":{"allow":["GET"]}}],"collection":[{"href":"https:\/\/bizi-quilting.de\/index.php?rest_route=\/wp\/v2\/pages"}],"about":[{"href":"https:\/\/bizi-quilting.de\/index.php?rest_route=\/wp\/v2\/types\/page"}],"author":[{"embeddable":true,"href":"https:\/\/bizi-quilting.de\/index.php?rest_route=\/wp\/v2\/users\/1"}],"replies":[{"embeddable":true,"href":"https:\/\/bizi-quilting.de\/index.php?rest_route=%2Fwp%2Fv2%2Fcomments&post=4"}],"version-history":[{"count":12,"href":"https:\/\/bizi-quilting.de\/index.php?rest_route=\/wp\/v2\/pages\/4\/revisions"}],"predecessor-version":[{"id":959,"href":"https:\/\/bizi-quilting.de\/index.php?rest_route=\/wp\/v2\/pages\/4\/revisions\/959"}],"wp:attachment":[{"href":"https:\/\/bizi-quilting.de\/index.php?rest_route=%2Fwp%2Fv2%2Fmedia&parent=4"}],"curies":[{"name":"wp","href":"https:\/\/api.w.org\/{rel}","templated":true}]}}