{"id":526,"date":"2020-01-14T17:51:09","date_gmt":"2020-01-14T16:51:09","guid":{"rendered":"http:\/\/quilt.zi-tronik.de\/?page_id=526"},"modified":"2023-05-16T15:55:47","modified_gmt":"2023-05-16T13:55:47","slug":"english-paper-piecing","status":"publish","type":"page","link":"https:\/\/bizi-quilting.de\/?page_id=526","title":{"rendered":"EPP bzw. English paper piecing"},"content":{"rendered":"<p>oder in Deutschland auch &#8222;Lieseln&#8220; genannt nach Liesel Niesner, sie hat die traditionelle <em>Patchwork<\/em>-Handn\u00e4htechnik \u201eEnglische Papiermethode\u201c mit ihren B\u00fcchern neu belebt und ihr den lebevollen Namen \u201eLieseln\u201c gegeben.<\/p>\n<p>Beim English Paper Piecing werden mit Hilfe von Papierschablonen kleine Stoffst\u00fccke als geometrische Formen zusammengen\u00e4ht. Die Papierschablonen erm\u00f6glichen das exakte Zusammenn\u00e4hen und werden sp\u00e4ter wieder entfernt.<\/p>\n<p><img loading=\"lazy\" decoding=\"async\" class=\"alignnone  wp-image-834\" src=\"https:\/\/bizi-quilting.de\/wp-content\/uploads\/2023\/05\/Lieseln2-300x264.jpg\" alt=\"\" width=\"283\" height=\"249\" srcset=\"https:\/\/bizi-quilting.de\/wp-content\/uploads\/2023\/05\/Lieseln2-300x264.jpg 300w, https:\/\/bizi-quilting.de\/wp-content\/uploads\/2023\/05\/Lieseln2-768x675.jpg 768w, https:\/\/bizi-quilting.de\/wp-content\/uploads\/2023\/05\/Lieseln2.jpg 800w\" sizes=\"auto, (max-width: 283px) 100vw, 283px\" \/> <img loading=\"lazy\" decoding=\"async\" class=\"alignnone  wp-image-835\" src=\"https:\/\/bizi-quilting.de\/wp-content\/uploads\/2023\/05\/Lieseln3-300x248.jpg\" alt=\"\" width=\"303\" height=\"251\" srcset=\"https:\/\/bizi-quilting.de\/wp-content\/uploads\/2023\/05\/Lieseln3-300x248.jpg 300w, https:\/\/bizi-quilting.de\/wp-content\/uploads\/2023\/05\/Lieseln3-768x636.jpg 768w, https:\/\/bizi-quilting.de\/wp-content\/uploads\/2023\/05\/Lieseln3.jpg 800w\" sizes=\"auto, (max-width: 303px) 100vw, 303px\" \/><img loading=\"lazy\" decoding=\"async\" class=\" wp-image-878 alignleft\" src=\"https:\/\/bizi-quilting.de\/wp-content\/uploads\/2023\/05\/apple-core-300x225.jpg\" alt=\"\" width=\"282\" height=\"212\" srcset=\"https:\/\/bizi-quilting.de\/wp-content\/uploads\/2023\/05\/apple-core-300x225.jpg 300w, https:\/\/bizi-quilting.de\/wp-content\/uploads\/2023\/05\/apple-core-768x576.jpg 768w, https:\/\/bizi-quilting.de\/wp-content\/uploads\/2023\/05\/apple-core.jpg 800w\" sizes=\"auto, (max-width: 282px) 100vw, 282px\" \/><\/p>\n<p>Im Jahr 2007 wurde ich durch eine Tauschaktion im Hobbyschneiderin-Forum mit dem EPP-Virus infiziert, alle Therapie-Versuche waren bisher ohne Erfolg. Zuerst waren es Rauten bzw. Sterne, die Tauschaktion wurde damals von &#8222;Lotte&#8220; organisiert. Das Virus mutierte, es folgten Hexagons, auch halbe und lange Hexagons. Letztere kombiniert mit Quadraten sowie Octagons ergaben den Stiefm\u00fctterchen-Quilt.<\/p>\n<p><img loading=\"lazy\" decoding=\"async\" class=\"size-medium wp-image-865 aligncenter\" src=\"https:\/\/bizi-quilting.de\/wp-content\/uploads\/2023\/05\/DSC_3244-300x169.jpg\" alt=\"\" width=\"300\" height=\"169\" srcset=\"https:\/\/bizi-quilting.de\/wp-content\/uploads\/2023\/05\/DSC_3244-300x169.jpg 300w, https:\/\/bizi-quilting.de\/wp-content\/uploads\/2023\/05\/DSC_3244-1024x576.jpg 1024w, https:\/\/bizi-quilting.de\/wp-content\/uploads\/2023\/05\/DSC_3244-768x432.jpg 768w, https:\/\/bizi-quilting.de\/wp-content\/uploads\/2023\/05\/DSC_3244-1536x864.jpg 1536w, https:\/\/bizi-quilting.de\/wp-content\/uploads\/2023\/05\/DSC_3244-2048x1152.jpg 2048w\" sizes=\"auto, (max-width: 300px) 100vw, 300px\" \/><\/p>\n<p>Irgendwann habe ich ein Projekt mit Babyblocks aus blauen Rauten begonnen, aber der Babyblock-Virus schlummerte vor\u00fcbergehend, wurde dann aber wieder aktiviert mit gelben und wei\u00dfen Rauten auch in Form kleinerer Rauten. Ich m\u00f6chte dieses UFO bald beenden, Ideen sind da, warum also sollte es nicht klappen???<\/p>\n<p><img loading=\"lazy\" decoding=\"async\" class=\"alignnone wp-image-853 size-medium\" src=\"https:\/\/bizi-quilting.de\/wp-content\/uploads\/2023\/05\/20230514_112800-135x300.jpg\" alt=\"\" width=\"135\" height=\"300\" srcset=\"https:\/\/bizi-quilting.de\/wp-content\/uploads\/2023\/05\/20230514_112800-135x300.jpg 135w, https:\/\/bizi-quilting.de\/wp-content\/uploads\/2023\/05\/20230514_112800-461x1024.jpg 461w, https:\/\/bizi-quilting.de\/wp-content\/uploads\/2023\/05\/20230514_112800-768x1707.jpg 768w, https:\/\/bizi-quilting.de\/wp-content\/uploads\/2023\/05\/20230514_112800-691x1536.jpg 691w, https:\/\/bizi-quilting.de\/wp-content\/uploads\/2023\/05\/20230514_112800-922x2048.jpg 922w, https:\/\/bizi-quilting.de\/wp-content\/uploads\/2023\/05\/20230514_112800-scaled.jpg 1152w\" sizes=\"auto, (max-width: 135px) 100vw, 135px\" \/><\/p>\n","protected":false},"excerpt":{"rendered":"<p>oder in Deutschland auch &#8222;Lieseln&#8220; genannt nach Liesel Niesner, sie hat die traditionelle Patchwork-Handn\u00e4htechnik \u201eEnglische Papiermethode\u201c mit ihren B\u00fcchern neu belebt und ihr den lebevollen Namen \u201eLieseln\u201c gegeben. Beim English Paper Piecing werden mit Hilfe von Papierschablonen kleine Stoffst\u00fccke als<\/p>\n","protected":false},"author":1,"featured_media":0,"parent":0,"menu_order":0,"comment_status":"closed","ping_status":"closed","template":"","meta":{"ngg_post_thumbnail":0,"footnotes":""},"class_list":["post-526","page","type-page","status-publish","hentry"],"jetpack_sharing_enabled":true,"_links":{"self":[{"href":"https:\/\/bizi-quilting.de\/index.php?rest_route=\/wp\/v2\/pages\/526","targetHints":{"allow":["GET"]}}],"collection":[{"href":"https:\/\/bizi-quilting.de\/index.php?rest_route=\/wp\/v2\/pages"}],"about":[{"href":"https:\/\/bizi-quilting.de\/index.php?rest_route=\/wp\/v2\/types\/page"}],"author":[{"embeddable":true,"href":"https:\/\/bizi-quilting.de\/index.php?rest_route=\/wp\/v2\/users\/1"}],"replies":[{"embeddable":true,"href":"https:\/\/bizi-quilting.de\/index.php?rest_route=%2Fwp%2Fv2%2Fcomments&post=526"}],"version-history":[{"count":8,"href":"https:\/\/bizi-quilting.de\/index.php?rest_route=\/wp\/v2\/pages\/526\/revisions"}],"predecessor-version":[{"id":880,"href":"https:\/\/bizi-quilting.de\/index.php?rest_route=\/wp\/v2\/pages\/526\/revisions\/880"}],"wp:attachment":[{"href":"https:\/\/bizi-quilting.de\/index.php?rest_route=%2Fwp%2Fv2%2Fmedia&parent=526"}],"curies":[{"name":"wp","href":"https:\/\/api.w.org\/{rel}","templated":true}]}}