{"id":86,"date":"2017-02-20T16:01:27","date_gmt":"2017-02-20T16:01:27","guid":{"rendered":"http:\/\/quilt.zi-tronik.de\/?page_id=86"},"modified":"2023-05-15T11:24:52","modified_gmt":"2023-05-15T09:24:52","slug":"longarmquilting","status":"publish","type":"page","link":"https:\/\/bizi-quilting.de\/?page_id=86","title":{"rendered":"Longarmquilting"},"content":{"rendered":"<p>Sie haben viel Zeit und M\u00fche in Ihr Quilttop<br \/>\ninvestiert: ausgesucht<img loading=\"lazy\" decoding=\"async\" class=\" wp-image-159 alignright\" src=\"http:\/\/quilt.zi-tronik.de\/wp-content\/uploads\/2016\/05\/Bild_0055-300x225.jpg\" alt=\"\" width=\"374\" height=\"280\" srcset=\"https:\/\/bizi-quilting.de\/wp-content\/uploads\/2016\/05\/Bild_0055-300x225.jpg 300w, https:\/\/bizi-quilting.de\/wp-content\/uploads\/2016\/05\/Bild_0055-768x576.jpg 768w, https:\/\/bizi-quilting.de\/wp-content\/uploads\/2016\/05\/Bild_0055.jpg 800w\" sizes=\"auto, (max-width: 374px) 100vw, 374px\" \/>e Materialien, Farben, aber erst durch das Quilten wird daraus ein richtiger Quilt.<\/p>\n<p>Beim Quilten&nbsp;mit einer Longarm-Maschine werden das Quilttop, das Batting und die R\u00fcckseite zum fertigen Quilt zusammengen\u00e4ht. Da Top und R\u00fcckseite werden auf einem gro\u00dfen Rahmen aufgespannt, die N\u00e4hmaschine wird freih\u00e4ndig \u00fcber den Stoff gef\u00fchrt, vorheriges Heften entf\u00e4llt. Die einstellbare Stichregulierung gew\u00e4hrleistet eine gleichbleibende Stichl\u00e4nge und Stichqualit\u00e4t.<\/p>\n<p>Ich quilte f\u00fcr Sie mit einer <a href=\"https:\/\/handiquilter.de\/quiltmaschinen\/hq-amara\/\">Amara<\/a> von Handiquilter, Quilttops bis 3 m Breite k\u00f6nnen aufgespannt werden.<\/p>\n","protected":false},"excerpt":{"rendered":"<p>Sie haben viel Zeit und M\u00fche in Ihr Quilttop investiert: ausgesuchte Materialien, Farben, aber erst durch das Quilten wird daraus ein richtiger Quilt. Beim Quilten&nbsp;mit einer Longarm-Maschine werden das Quilttop, das Batting und die R\u00fcckseite zum fertigen Quilt zusammengen\u00e4ht. Da<\/p>\n","protected":false},"author":1,"featured_media":0,"parent":0,"menu_order":0,"comment_status":"closed","ping_status":"closed","template":"","meta":{"ngg_post_thumbnail":0,"footnotes":""},"class_list":["post-86","page","type-page","status-publish","hentry"],"jetpack_sharing_enabled":true,"_links":{"self":[{"href":"https:\/\/bizi-quilting.de\/index.php?rest_route=\/wp\/v2\/pages\/86","targetHints":{"allow":["GET"]}}],"collection":[{"href":"https:\/\/bizi-quilting.de\/index.php?rest_route=\/wp\/v2\/pages"}],"about":[{"href":"https:\/\/bizi-quilting.de\/index.php?rest_route=\/wp\/v2\/types\/page"}],"author":[{"embeddable":true,"href":"https:\/\/bizi-quilting.de\/index.php?rest_route=\/wp\/v2\/users\/1"}],"replies":[{"embeddable":true,"href":"https:\/\/bizi-quilting.de\/index.php?rest_route=%2Fwp%2Fv2%2Fcomments&post=86"}],"version-history":[{"count":11,"href":"https:\/\/bizi-quilting.de\/index.php?rest_route=\/wp\/v2\/pages\/86\/revisions"}],"predecessor-version":[{"id":791,"href":"https:\/\/bizi-quilting.de\/index.php?rest_route=\/wp\/v2\/pages\/86\/revisions\/791"}],"wp:attachment":[{"href":"https:\/\/bizi-quilting.de\/index.php?rest_route=%2Fwp%2Fv2%2Fmedia&parent=86"}],"curies":[{"name":"wp","href":"https:\/\/api.w.org\/{rel}","templated":true}]}}