{"id":88,"date":"2017-02-20T16:01:58","date_gmt":"2017-02-20T16:01:58","guid":{"rendered":"http:\/\/quilt.zi-tronik.de\/?page_id=88"},"modified":"2024-02-11T16:34:57","modified_gmt":"2024-02-11T15:34:57","slug":"moeglichkeiten","status":"publish","type":"page","link":"https:\/\/bizi-quilting.de\/?page_id=88","title":{"rendered":"M\u00f6glichkeiten"},"content":{"rendered":"<p>Die individuelle Mustergestaltung verleiht einem Quilt eine ganz besondere Note. Farben und Muster k\u00f6nnen dadurch besonders betont oder hervorgehoben werden.<\/p>\n<p><span class=\"st\">Beim <strong>Allover Quilting<\/strong> wird ein fl\u00e4chendeckendes Muster ohne Ber\u00fccksichtigung des Patchworkdesigns \u00fcber den gesamten Quilt gearbeitet.&nbsp; <strong>Free motion quilting<\/strong> = FMQ hat vieles gemeinsam mit Zeichnen von kontinuierlichen Mustern auf Papier.<br \/>\n<\/span><\/p>\n<p>Regelm\u00e4\u00dfige Muster von Kante zu Kante k\u00f6nnen nach einer Papiervorlage (<strong>Pantograph<\/strong>) erstellt werden.<\/p>\n<p>Am aufw\u00e4ndigsten ist das <strong>Custom-Quilting<\/strong>, das Quiltmuster wird ganz individuell f\u00fcr das Blockdesign des Quilttops entworfen. H\u00e4ufig kommen dabei auch Schablonen und Lineale zum Einsatz.<\/p>\n<p>Wenn Sie mir Ihr Quilttop zum Quilten geben m\u00f6chten, erstelle ich einige Vorschl\u00e4ge unter Ber\u00fccksichtigung Ihrer Vorstellungen.<\/p>\n<p>Ich freue auf Sie und Ihre Arbeiten.<\/p>\nngg_shortcode_0_placeholder\n","protected":false},"excerpt":{"rendered":"<p>Die individuelle Mustergestaltung verleiht einem Quilt eine ganz besondere Note. Farben und Muster k\u00f6nnen dadurch besonders betont oder hervorgehoben werden. Beim Allover Quilting wird ein fl\u00e4chendeckendes Muster ohne Ber\u00fccksichtigung des Patchworkdesigns \u00fcber den gesamten Quilt gearbeitet.&nbsp; Free motion quilting =<\/p>\n","protected":false},"author":1,"featured_media":0,"parent":2,"menu_order":0,"comment_status":"closed","ping_status":"closed","template":"","meta":{"ngg_post_thumbnail":0,"footnotes":""},"class_list":["post-88","page","type-page","status-publish","hentry"],"jetpack_sharing_enabled":true,"_links":{"self":[{"href":"https:\/\/bizi-quilting.de\/index.php?rest_route=\/wp\/v2\/pages\/88","targetHints":{"allow":["GET"]}}],"collection":[{"href":"https:\/\/bizi-quilting.de\/index.php?rest_route=\/wp\/v2\/pages"}],"about":[{"href":"https:\/\/bizi-quilting.de\/index.php?rest_route=\/wp\/v2\/types\/page"}],"author":[{"embeddable":true,"href":"https:\/\/bizi-quilting.de\/index.php?rest_route=\/wp\/v2\/users\/1"}],"replies":[{"embeddable":true,"href":"https:\/\/bizi-quilting.de\/index.php?rest_route=%2Fwp%2Fv2%2Fcomments&post=88"}],"version-history":[{"count":13,"href":"https:\/\/bizi-quilting.de\/index.php?rest_route=\/wp\/v2\/pages\/88\/revisions"}],"predecessor-version":[{"id":1026,"href":"https:\/\/bizi-quilting.de\/index.php?rest_route=\/wp\/v2\/pages\/88\/revisions\/1026"}],"up":[{"embeddable":true,"href":"https:\/\/bizi-quilting.de\/index.php?rest_route=\/wp\/v2\/pages\/2"}],"wp:attachment":[{"href":"https:\/\/bizi-quilting.de\/index.php?rest_route=%2Fwp%2Fv2%2Fmedia&parent=88"}],"curies":[{"name":"wp","href":"https:\/\/api.w.org\/{rel}","templated":true}]}}